{"id":229,"date":"2025-02-06T14:19:34","date_gmt":"2025-02-06T14:19:34","guid":{"rendered":"https:\/\/bbqintwente.nl\/?page_id=229"},"modified":"2025-02-25T09:32:01","modified_gmt":"2025-02-25T09:32:01","slug":"bezorginformatie","status":"publish","type":"page","link":"https:\/\/bbqintwente.nl\/index.php\/bezorginformatie\/","title":{"rendered":"Bezorginformatie"},"content":{"rendered":"\t\t<div data-elementor-type=\"wp-page\" data-elementor-id=\"229\" class=\"elementor elementor-229\">\n\t\t\t\t<div class=\"elementor-element elementor-element-de19206 e-flex e-con-boxed e-con e-parent\" data-id=\"de19206\" data-element_type=\"container\" data-e-type=\"container\" data-settings=\"{&quot;background_background&quot;:&quot;classic&quot;}\">\n\t\t\t\t\t<div class=\"e-con-inner\">\n\t\t\t\t<div class=\"elementor-element elementor-element-964fad0 elementor-widget elementor-widget-text-editor\" data-id=\"964fad0\" data-element_type=\"widget\" data-e-type=\"widget\" data-widget_type=\"text-editor.default\">\n\t\t\t\t<div class=\"elementor-widget-container\">\n\t\t\t\t\t\t\t\t\t<h3><span style=\"color: #993300;\">Minimum bestelbedrag<\/span><\/h3><p>Wij hanteren een minimumbestelbedrag van \u20ac 65,- op elke bestelling. Onder dit bedrag kunnen wij helaas niet bezorgen.<\/p><h3><span style=\"color: #993300;\">Bezorg- en ophaaltijden<\/span><\/h3><p>BBQ in Twente bezorgt van maandag t\/m zaterdag, tussen 10.00 en 17.00 uur. Bezorgen op zondag gebeurt in overleg, bel voor meer informatie naar <a href=\"tel:0547-273978\">0547-273978<\/a>. <br \/>In de webshop kunt u \u00e9\u00e9n van de 3 tijdsblokken kiezen:<\/p><ul><li>10.00 &#8211; 12.00 uur<\/li><li>12.00 &#8211; 15.00 uur<\/li><li>15.00 &#8211; 17.00 uur<\/li><\/ul><h3><span style=\"color: #993300;\">Hoe laat komen wij bezorgen?<\/span><\/h3><p>U kunt op 3 manieren te weten komen hoe laat ongeveer wij bezorgen en ophalen:<\/p><ol><li>Als u via internet heeft gereserveerd, ontvangt u op de dag v\u00f3\u00f3r het feest een e-mail met de bezorgtijd (zo ook de dag v\u00f3\u00f3r het ophalen).<\/li><li>Als uw mobiele telefoonnummer bekend is bij ons, krijgt u op de dag v\u00f3\u00f3r het feest een gratis SMS met de bezorgtijd (en later ook eentje met de ophaaltijd.<\/li><li>De bezorg- en ophaaltijden zijn ook te vinden op deze website (alleen als u via de website heeft gereserveerd)<\/li><\/ol><p>Voor overige vragen kunt u bellen naar het hoofdkantoor <a href=\"tel:0547-273978\">0547-273978<\/a> of mailen naar <a href=\"mailto:info@bbqintwente.nl\">info@bbqintwente.nl<\/a>.<\/p><h3><span style=\"color: #993300;\">Gratis bezorgen of bezorgkosten?<\/span><\/h3><p>Het heerlijke van Barbecue in Twente is dat wij alles voor u regelen. Wij rekenen \u20ac5.50 bezorgkosten, vanaf \u20ac 100,- is de bezorging <strong>gratis<\/strong>!<\/p><h3><span style=\"color: #993300;\">Bezorgen met de feestdagen!<\/span><\/h3><p>Wij bezorgen op bijna \u00a0ALLE feestdagen behalve beide kerstdagen en nieuwjaarsdag.<\/p>\t\t\t\t\t\t\t\t<\/div>\n\t\t\t\t<\/div>\n\t\t\t\t\t<\/div>\n\t\t\t\t<\/div>\n\t\t<div class=\"elementor-element elementor-element-62daf57 e-transform e-flex e-con-boxed e-con e-parent\" data-id=\"62daf57\" data-element_type=\"container\" data-e-type=\"container\" data-settings=\"{&quot;background_background&quot;:&quot;classic&quot;,&quot;_transform_scale_effect&quot;:{&quot;unit&quot;:&quot;px&quot;,&quot;size&quot;:&quot;&quot;,&quot;sizes&quot;:[]},&quot;_transform_scale_effect_tablet&quot;:{&quot;unit&quot;:&quot;px&quot;,&quot;size&quot;:&quot;&quot;,&quot;sizes&quot;:[]},&quot;_transform_scale_effect_mobile&quot;:{&quot;unit&quot;:&quot;px&quot;,&quot;size&quot;:&quot;&quot;,&quot;sizes&quot;:[]}}\">\n\t\t\t\t\t<div class=\"e-con-inner\">\n\t\t<div class=\"elementor-element elementor-element-3313510 e-con-full e-flex elementor-invisible e-con e-child\" data-id=\"3313510\" data-element_type=\"container\" data-e-type=\"container\" data-settings=\"{&quot;background_background&quot;:&quot;classic&quot;,&quot;animation&quot;:&quot;fadeInLeft&quot;}\">\n\t\t\t\t<div class=\"elementor-element elementor-element-5aae881 elementor-widget elementor-widget-heading\" data-id=\"5aae881\" data-element_type=\"widget\" data-e-type=\"widget\" data-widget_type=\"heading.default\">\n\t\t\t\t<div class=\"elementor-widget-container\">\n\t\t\t\t\t<h4 class=\"elementor-heading-title elementor-size-default\">Wil je meer informatie?<\/h4>\t\t\t\t<\/div>\n\t\t\t\t<\/div>\n\t\t\t\t<div class=\"elementor-element elementor-element-2387689 elementor-widget elementor-widget-heading\" data-id=\"2387689\" data-element_type=\"widget\" data-e-type=\"widget\" data-widget_type=\"heading.default\">\n\t\t\t\t<div class=\"elementor-widget-container\">\n\t\t\t\t\t<h2 class=\"elementor-heading-title elementor-size-default\">Wij geven graag advies<\/h2>\t\t\t\t<\/div>\n\t\t\t\t<\/div>\n\t\t\t\t<div class=\"elementor-element elementor-element-ccc1776 elementor-widget elementor-widget-button\" data-id=\"ccc1776\" data-element_type=\"widget\" data-e-type=\"widget\" data-widget_type=\"button.default\">\n\t\t\t\t<div class=\"elementor-widget-container\">\n\t\t\t\t\t\t\t\t\t<div class=\"elementor-button-wrapper\">\n\t\t\t\t\t<a class=\"elementor-button elementor-button-link elementor-size-sm\" href=\"https:\/\/bbqintwente.nl\/index.php\/contact\/\">\n\t\t\t\t\t\t<span class=\"elementor-button-content-wrapper\">\n\t\t\t\t\t\t\t\t\t<span class=\"elementor-button-text\">Stel jouw vraag<\/span>\n\t\t\t\t\t<\/span>\n\t\t\t\t\t<\/a>\n\t\t\t\t<\/div>\n\t\t\t\t\t\t\t\t<\/div>\n\t\t\t\t<\/div>\n\t\t\t\t<\/div>\n\t\t\t\t\t<\/div>\n\t\t\t\t<\/div>\n\t\t<div class=\"elementor-element elementor-element-c6b4269 e-flex e-con-boxed e-con e-parent\" data-id=\"c6b4269\" data-element_type=\"container\" data-e-type=\"container\" data-settings=\"{&quot;background_background&quot;:&quot;classic&quot;}\">\n\t\t\t\t\t<div class=\"e-con-inner\">\n\t\t\t\t<div class=\"elementor-element elementor-element-9333062 elementor-widget elementor-widget-text-editor\" data-id=\"9333062\" data-element_type=\"widget\" data-e-type=\"widget\" data-widget_type=\"text-editor.default\">\n\t\t\t\t<div class=\"elementor-widget-container\">\n\t\t\t\t\t\t\t\t\t<p>\u00a9BBQ in Twente, ism Slagerij Kemna<\/p>\t\t\t\t\t\t\t\t<\/div>\n\t\t\t\t<\/div>\n\t\t\t\t\t<\/div>\n\t\t\t\t<\/div>\n\t\t\t\t<\/div>\n\t\t","protected":false},"excerpt":{"rendered":"<p>Minimum bestelbedrag Wij hanteren een minimumbestelbedrag van \u20ac 65,- op elke bestelling. Onder dit bedrag kunnen wij helaas niet bezorgen. Bezorg- en ophaaltijden BBQ in Twente bezorgt van maandag t\/m zaterdag, tussen 10.00 en 17.00 uur. Bezorgen op zondag gebeurt in overleg, bel voor meer informatie naar 0547-273978. In de webshop kunt u \u00e9\u00e9n van [&hellip;]<\/p>\n","protected":false},"author":1,"featured_media":0,"parent":0,"menu_order":0,"comment_status":"closed","ping_status":"closed","template":"","meta":{"footnotes":""},"class_list":["post-229","page","type-page","status-publish","hentry"],"_links":{"self":[{"href":"https:\/\/bbqintwente.nl\/index.php\/wp-json\/wp\/v2\/pages\/229","targetHints":{"allow":["GET"]}}],"collection":[{"href":"https:\/\/bbqintwente.nl\/index.php\/wp-json\/wp\/v2\/pages"}],"about":[{"href":"https:\/\/bbqintwente.nl\/index.php\/wp-json\/wp\/v2\/types\/page"}],"author":[{"embeddable":true,"href":"https:\/\/bbqintwente.nl\/index.php\/wp-json\/wp\/v2\/users\/1"}],"replies":[{"embeddable":true,"href":"https:\/\/bbqintwente.nl\/index.php\/wp-json\/wp\/v2\/comments?post=229"}],"version-history":[{"count":41,"href":"https:\/\/bbqintwente.nl\/index.php\/wp-json\/wp\/v2\/pages\/229\/revisions"}],"predecessor-version":[{"id":425,"href":"https:\/\/bbqintwente.nl\/index.php\/wp-json\/wp\/v2\/pages\/229\/revisions\/425"}],"wp:attachment":[{"href":"https:\/\/bbqintwente.nl\/index.php\/wp-json\/wp\/v2\/media?parent=229"}],"curies":[{"name":"wp","href":"https:\/\/api.w.org\/{rel}","templated":true}]}}